{"id":720,"date":"2011-09-20T12:54:48","date_gmt":"2011-09-20T09:54:48","guid":{"rendered":"http:\/\/cheatingu.com\/uutissirkus\/?page_id=720"},"modified":"2023-11-28T16:57:35","modified_gmt":"2023-11-28T14:57:35","slug":"mediatiedot","status":"publish","type":"page","link":"https:\/\/cheatingu.com\/uutissirkus\/?page_id=720","title":{"rendered":"Mediatiedot"},"content":{"rendered":"<p><strong>Kustantaja:<\/strong> Pohjoisnapa-tuotanto &#038; Cheatingu Consulting.<br \/>\nUutissirkus on s\u00e4\u00e4nn\u00f6llisen ep\u00e4s\u00e4\u00e4nn\u00f6llisesti t\u00e4ydentyv\u00e4 satiirinen verkkosivusto, joka julkaisee uutta materiaalia p\u00e4ivitt\u00e4in, viikoittain tai kuukausittain, jos toimituksemme osaajilla ei satu olemaan paremmin palkattua tekemist\u00e4 kuten ty\u00f6vuoroja koulunk\u00e4yntiavustajana, taksituuraajana, raitiovaununkuljettajana, posteljoonina, l\u00e4hikaupan kassana, viestint\u00e4p\u00e4\u00e4llikk\u00f6n\u00e4, toimittajana tahi vapaana toimittajana, kirjoittajana tai luennoitsijana.<\/p>\n<p><strong>Yleis\u00f6:<\/strong><br \/>\nUutissirkus-sivusto on viime aikoina houkutellut 5 000 &#8211; 6 000 yksil\u00f6idyn sivun\u00e4yt\u00f6n verran k\u00e4vij\u00f6it\u00e4 viikossa. Toukokuun 2020 vilkkaimpana yksitt\u00e4isen\u00e4 p\u00e4iv\u00e4n\u00e4 yksil\u00f6ityj\u00e4 sivun\u00e4ytt\u00f6j\u00e4 oli noin 20 000, mink\u00e4 arvioimme johtuvan <strong><a href=\"https:\/\/cheatingu.com\/uutissirkus\/?p=3400\">yhden tavanomaista laajempia kansanjoukkoja puhutelleen artikkelin<\/a><\/strong> julkaisemisesta. K\u00e4vij\u00f6idemme keskim\u00e4\u00e4r\u00e4inen yksitt\u00e4isell\u00e4 sivullamme viett\u00e4m\u00e4 aika on noin 1&#8217;39. N\u00e4m\u00e4 tiedot ovat toki tuon j\u00e4lkeen muuttuneet suuntaan tai toiseen, joten ehk\u00e4 jonain l\u00e4hivuonna p\u00e4vit\u00e4mme ne tuoreemmilla.<\/p>\n<p><strong>Ilmoitukset:<\/strong><br \/>\nIlmoituksen koko, hinta ja kesto sovittavissa. Neuvottelemme mielelell\u00e4mme kaikesta. Lis\u00e4ksi erikoistarkouksessa juuri nyt: Yhti\u00f6 loppuel\u00e4m\u00e4ksenne 891 930 euroa. Haluatteko oman sanomanne paitsi bannereihin my\u00f6s artikkeleiden teksteihin? Ostakaa koko Suomen Uutissirkus ja hoitakaa my\u00f6s tekstimainonta, tuotesijoittelu, toimitukselliset artikkelit ja niiden kuvitus itse! Kaupan p\u00e4\u00e4lle saatte yhden ep\u00e4kuntoisen naistenpy\u00f6r\u00e4n, kaksi 1990-luvulla valmistettua tietokonetta ja 180 000 Helsinki-aiheista postikorttia!<\/p>\n<p><strong>Lis\u00e4palvelut, alennukset, ylennykset ja arvonlis\u00e4vero:<\/strong><br \/>\nMik\u00e4li myyntidivisioonamme havaitsee, ett\u00e4 Teid\u00e4n kanssanne on erinomaisen miellytt\u00e4v\u00e4\u00e4 asioida, saatte alennusta 10 &#8211; 50 prosenttia. Mik\u00e4li myyntidivisioonamme havaitsee, ett\u00e4 Teid\u00e4n kanssanne on vaikeaa tai vastenmielist\u00e4 asioida, lis\u00e4\u00e4mme neuvotteluvaiheessa nettohintoihimme 42%. Mik\u00e4li te tunnette samoin meit\u00e4 kohtaan, lis\u00e4nnemme yksiss\u00e4 tuumin em. hintaan toiset 42 %. Tosin meill\u00e4 on jatkuva rahapula, joten periaatteessa ja etenkin k\u00e4yt\u00e4nn\u00f6ss\u00e4 suhtaudumme my\u00f6nteisesti kaikenlaisiin ved\u00e4tyksiinne.<\/p>\n<p>Kaikkiin ilmoittamiimme hintoihin lis\u00e4t\u00e4\u00e4n kulloinkin voimassa oleva arvonlis\u00e4vero, n\u00e4ill\u00e4 lumilla (vuonna 202) 24%.<\/p>\n<p>\u00c4lk\u00e4\u00e4 ep\u00e4r\u00f6ik\u00f6 asioida kanssamme! S\u00e4hk\u00f6postia luemme miltei kerran viikossa ja puhelimeenkin vastaamme jokseenkin l\u00e4hes yht\u00e4 rivakasti! Mik\u00e4li otatte meihin yhteytt\u00e4 s\u00e4hk\u00f6postitse, huolehtikaa siit\u00e4, ett\u00e4 teill\u00e4 on etu- ja sukunimi ja puhelinnumero ja ett\u00e4 olette valmiita kertomaan nuo tiedot meille viestiss\u00e4nne.<\/p>\n<p><strong>Yhteystiedot, myyntidivisioona:<\/strong><br \/>\n<img loading=\"lazy\" decoding=\"async\" src=\"https:\/\/cheatingu.com\/uutissirkus\/wp-content\/uploads\/2011\/09\/uutissirkus-myynti-yhteystiedot.jpg\" alt=\"\" title=\"Uutissirkus myynti yhteystiedot\" width=\"600\" height=\"130\" class=\"alignnone size-full wp-image-721\" srcset=\"https:\/\/cheatingu.com\/uutissirkus\/wp-content\/uploads\/2011\/09\/uutissirkus-myynti-yhteystiedot.jpg 600w, https:\/\/cheatingu.com\/uutissirkus\/wp-content\/uploads\/2011\/09\/uutissirkus-myynti-yhteystiedot-269x58.jpg 269w, https:\/\/cheatingu.com\/uutissirkus\/wp-content\/uploads\/2011\/09\/uutissirkus-myynti-yhteystiedot-400x86.jpg 400w\" sizes=\"auto, (max-width: 600px) 100vw, 600px\" \/><\/p>\n","protected":false},"excerpt":{"rendered":"<p>Kustantaja: Pohjoisnapa-tuotanto &#038; Cheatingu Consulting. Uutissirkus on s\u00e4\u00e4nn\u00f6llisen ep\u00e4s\u00e4\u00e4nn\u00f6llisesti t\u00e4ydentyv\u00e4 satiirinen verkkosivusto, joka julkaisee uutta materiaalia p\u00e4ivitt\u00e4in, viikoittain tai kuukausittain, jos toimituksemme osaajilla ei satu&#8230;<\/p>\n","protected":false},"author":8,"featured_media":0,"parent":0,"menu_order":2,"comment_status":"closed","ping_status":"closed","template":"","meta":{"footnotes":""},"class_list":["post-720","page","type-page","status-publish","hentry","entry"],"_links":{"self":[{"href":"https:\/\/cheatingu.com\/uutissirkus\/index.php?rest_route=\/wp\/v2\/pages\/720","targetHints":{"allow":["GET"]}}],"collection":[{"href":"https:\/\/cheatingu.com\/uutissirkus\/index.php?rest_route=\/wp\/v2\/pages"}],"about":[{"href":"https:\/\/cheatingu.com\/uutissirkus\/index.php?rest_route=\/wp\/v2\/types\/page"}],"author":[{"embeddable":true,"href":"https:\/\/cheatingu.com\/uutissirkus\/index.php?rest_route=\/wp\/v2\/users\/8"}],"replies":[{"embeddable":true,"href":"https:\/\/cheatingu.com\/uutissirkus\/index.php?rest_route=%2Fwp%2Fv2%2Fcomments&post=720"}],"version-history":[{"count":0,"href":"https:\/\/cheatingu.com\/uutissirkus\/index.php?rest_route=\/wp\/v2\/pages\/720\/revisions"}],"wp:attachment":[{"href":"https:\/\/cheatingu.com\/uutissirkus\/index.php?rest_route=%2Fwp%2Fv2%2Fmedia&parent=720"}],"curies":[{"name":"wp","href":"https:\/\/api.w.org\/{rel}","templated":true}]}}